{"id":632,"date":"2025-01-30T09:51:54","date_gmt":"2025-01-30T08:51:54","guid":{"rendered":"https:\/\/kantine.sinn.no\/rena\/?post_type=product&#038;p=632"},"modified":"2025-10-02T12:41:27","modified_gmt":"2025-10-02T10:41:27","slug":"pasmurt-med-ost-skinke","status":"publish","type":"product","link":"https:\/\/kantine.sinn.no\/rena\/produkt\/pasmurt-med-ost-skinke\/","title":{"rendered":"Dagens p\u00e5smurt med ost og skinke"},"content":{"rendered":"<p>P\u00e5smurt med ost og skinke. Kokken velger type br\u00f8d.<\/p>\n","protected":false},"excerpt":{"rendered":"<p>P\u00e5smurt med ost og skinke. Kokken velger type br\u00f8d.<\/p>\n","protected":false},"featured_media":573,"comment_status":"closed","ping_status":"closed","template":"","meta":[],"product_brand":[],"product_cat":[28],"product_tag":[],"class_list":{"0":"post-632","1":"product","2":"type-product","3":"status-publish","4":"has-post-thumbnail","6":"product_cat-pasmurt","8":"first","9":"instock","10":"purchasable","11":"product-type-simple"},"_links":{"self":[{"href":"https:\/\/kantine.sinn.no\/rena\/wp-json\/wp\/v2\/product\/632","targetHints":{"allow":["GET"]}}],"collection":[{"href":"https:\/\/kantine.sinn.no\/rena\/wp-json\/wp\/v2\/product"}],"about":[{"href":"https:\/\/kantine.sinn.no\/rena\/wp-json\/wp\/v2\/types\/product"}],"replies":[{"embeddable":true,"href":"https:\/\/kantine.sinn.no\/rena\/wp-json\/wp\/v2\/comments?post=632"}],"wp:featuredmedia":[{"embeddable":true,"href":"https:\/\/kantine.sinn.no\/rena\/wp-json\/wp\/v2\/media\/573"}],"wp:attachment":[{"href":"https:\/\/kantine.sinn.no\/rena\/wp-json\/wp\/v2\/media?parent=632"}],"wp:term":[{"taxonomy":"product_brand","embeddable":true,"href":"https:\/\/kantine.sinn.no\/rena\/wp-json\/wp\/v2\/product_brand?post=632"},{"taxonomy":"product_cat","embeddable":true,"href":"https:\/\/kantine.sinn.no\/rena\/wp-json\/wp\/v2\/product_cat?post=632"},{"taxonomy":"product_tag","embeddable":true,"href":"https:\/\/kantine.sinn.no\/rena\/wp-json\/wp\/v2\/product_tag?post=632"}],"curies":[{"name":"wp","href":"https:\/\/api.w.org\/{rel}","templated":true}]}}