{"id":296,"date":"2019-01-07T15:14:23","date_gmt":"2019-01-07T14:14:23","guid":{"rendered":"http:\/\/kantine.sinn.no\/lillehammer\/?post_type=product&#038;p=296"},"modified":"2025-12-09T13:55:31","modified_gmt":"2025-12-09T12:55:31","slug":"orretfilet","status":"publish","type":"product","link":"https:\/\/kantine.sinn.no\/lillehammer\/produkt\/orretfilet\/","title":{"rendered":"\u00d8rretfilet"},"content":{"rendered":"","protected":false},"excerpt":{"rendered":"<p>Med ovnsbakte gr\u00f8nnsaker, poteter og r\u00f8mme<\/p>\n","protected":false},"featured_media":279,"comment_status":"closed","ping_status":"closed","template":"","meta":[],"product_brand":[],"product_cat":[29,26],"product_tag":[],"class_list":{"0":"post-296","1":"product","2":"type-product","3":"status-publish","4":"has-post-thumbnail","6":"product_cat-lunsjretter","7":"product_cat-middag","9":"first","10":"instock","11":"purchasable","12":"product-type-simple"},"_links":{"self":[{"href":"https:\/\/kantine.sinn.no\/lillehammer\/wp-json\/wp\/v2\/product\/296","targetHints":{"allow":["GET"]}}],"collection":[{"href":"https:\/\/kantine.sinn.no\/lillehammer\/wp-json\/wp\/v2\/product"}],"about":[{"href":"https:\/\/kantine.sinn.no\/lillehammer\/wp-json\/wp\/v2\/types\/product"}],"replies":[{"embeddable":true,"href":"https:\/\/kantine.sinn.no\/lillehammer\/wp-json\/wp\/v2\/comments?post=296"}],"wp:featuredmedia":[{"embeddable":true,"href":"https:\/\/kantine.sinn.no\/lillehammer\/wp-json\/wp\/v2\/media\/279"}],"wp:attachment":[{"href":"https:\/\/kantine.sinn.no\/lillehammer\/wp-json\/wp\/v2\/media?parent=296"}],"wp:term":[{"taxonomy":"product_brand","embeddable":true,"href":"https:\/\/kantine.sinn.no\/lillehammer\/wp-json\/wp\/v2\/product_brand?post=296"},{"taxonomy":"product_cat","embeddable":true,"href":"https:\/\/kantine.sinn.no\/lillehammer\/wp-json\/wp\/v2\/product_cat?post=296"},{"taxonomy":"product_tag","embeddable":true,"href":"https:\/\/kantine.sinn.no\/lillehammer\/wp-json\/wp\/v2\/product_tag?post=296"}],"curies":[{"name":"wp","href":"https:\/\/api.w.org\/{rel}","templated":true}]}}