{"id":459,"date":"2019-01-29T09:38:27","date_gmt":"2019-01-29T08:38:27","guid":{"rendered":"http:\/\/kantine.sinn.no\/elverum\/?post_type=product&#038;p=459"},"modified":"2026-02-11T14:41:55","modified_gmt":"2026-02-11T13:41:55","slug":"koldtallerken","status":"publish","type":"product","link":"https:\/\/kantine.sinn.no\/elverum\/produkt\/koldtallerken\/","title":{"rendered":"Koldtallerken"},"content":{"rendered":"<p>5 sorter p\u00e5legg inkl br\u00f8d og sm\u00f8r<\/p>\n","protected":false},"excerpt":{"rendered":"<p>5 sorter p\u00e5legg inkl br\u00f8d og sm\u00f8r<\/p>\n","protected":false},"featured_media":660,"comment_status":"closed","ping_status":"closed","template":"","meta":[],"product_brand":[],"product_cat":[29],"product_tag":[],"class_list":{"0":"post-459","1":"product","2":"type-product","3":"status-publish","4":"has-post-thumbnail","6":"product_cat-lunsjretter","8":"first","9":"instock","10":"purchasable","11":"product-type-simple"},"_links":{"self":[{"href":"https:\/\/kantine.sinn.no\/elverum\/wp-json\/wp\/v2\/product\/459","targetHints":{"allow":["GET"]}}],"collection":[{"href":"https:\/\/kantine.sinn.no\/elverum\/wp-json\/wp\/v2\/product"}],"about":[{"href":"https:\/\/kantine.sinn.no\/elverum\/wp-json\/wp\/v2\/types\/product"}],"replies":[{"embeddable":true,"href":"https:\/\/kantine.sinn.no\/elverum\/wp-json\/wp\/v2\/comments?post=459"}],"wp:featuredmedia":[{"embeddable":true,"href":"https:\/\/kantine.sinn.no\/elverum\/wp-json\/wp\/v2\/media\/660"}],"wp:attachment":[{"href":"https:\/\/kantine.sinn.no\/elverum\/wp-json\/wp\/v2\/media?parent=459"}],"wp:term":[{"taxonomy":"product_brand","embeddable":true,"href":"https:\/\/kantine.sinn.no\/elverum\/wp-json\/wp\/v2\/product_brand?post=459"},{"taxonomy":"product_cat","embeddable":true,"href":"https:\/\/kantine.sinn.no\/elverum\/wp-json\/wp\/v2\/product_cat?post=459"},{"taxonomy":"product_tag","embeddable":true,"href":"https:\/\/kantine.sinn.no\/elverum\/wp-json\/wp\/v2\/product_tag?post=459"}],"curies":[{"name":"wp","href":"https:\/\/api.w.org\/{rel}","templated":true}]}}