{"id":331,"date":"2019-01-08T13:29:15","date_gmt":"2019-01-08T12:29:15","guid":{"rendered":"http:\/\/kantine.sinn.no\/elverum\/?post_type=product&#038;p=331"},"modified":"2026-03-20T07:44:11","modified_gmt":"2026-03-20T06:44:11","slug":"vaffel","status":"publish","type":"product","link":"https:\/\/kantine.sinn.no\/elverum\/produkt\/vaffel\/","title":{"rendered":"Vaffel"},"content":{"rendered":"<p>Med Jordb\u00e6rsyltet\u00f8y og r\u00f8mme<\/p>\n","protected":false},"excerpt":{"rendered":"<p>Med Jordb\u00e6rsyltet\u00f8y og r\u00f8mme<\/p>\n","protected":false},"featured_media":320,"comment_status":"closed","ping_status":"closed","template":"","meta":[],"product_brand":[],"product_cat":[24],"product_tag":[],"class_list":{"0":"post-331","1":"product","2":"type-product","3":"status-publish","4":"has-post-thumbnail","6":"product_cat-kaker","8":"first","9":"instock","10":"purchasable","11":"product-type-simple"},"_links":{"self":[{"href":"https:\/\/kantine.sinn.no\/elverum\/wp-json\/wp\/v2\/product\/331","targetHints":{"allow":["GET"]}}],"collection":[{"href":"https:\/\/kantine.sinn.no\/elverum\/wp-json\/wp\/v2\/product"}],"about":[{"href":"https:\/\/kantine.sinn.no\/elverum\/wp-json\/wp\/v2\/types\/product"}],"replies":[{"embeddable":true,"href":"https:\/\/kantine.sinn.no\/elverum\/wp-json\/wp\/v2\/comments?post=331"}],"wp:featuredmedia":[{"embeddable":true,"href":"https:\/\/kantine.sinn.no\/elverum\/wp-json\/wp\/v2\/media\/320"}],"wp:attachment":[{"href":"https:\/\/kantine.sinn.no\/elverum\/wp-json\/wp\/v2\/media?parent=331"}],"wp:term":[{"taxonomy":"product_brand","embeddable":true,"href":"https:\/\/kantine.sinn.no\/elverum\/wp-json\/wp\/v2\/product_brand?post=331"},{"taxonomy":"product_cat","embeddable":true,"href":"https:\/\/kantine.sinn.no\/elverum\/wp-json\/wp\/v2\/product_cat?post=331"},{"taxonomy":"product_tag","embeddable":true,"href":"https:\/\/kantine.sinn.no\/elverum\/wp-json\/wp\/v2\/product_tag?post=331"}],"curies":[{"name":"wp","href":"https:\/\/api.w.org\/{rel}","templated":true}]}}